{"id":52125,"date":"2025-03-10T09:45:51","date_gmt":"2025-03-10T08:45:51","guid":{"rendered":"https:\/\/betterstudy.ch\/?post_type=product&#038;p=52125"},"modified":"2026-03-11T13:28:55","modified_gmt":"2026-03-11T12:28:55","slug":"specialiste-en-comptabilite-et-rh-programme-2-0","status":"publish","type":"product","link":"https:\/\/betterstudy.ch\/de\/produit\/specialiste-en-comptabilite-et-rh-programme-2-0\/","title":{"rendered":"Sp\u00e9cialiste en comptabilit\u00e9 et RH &#8211; Programme 2.0"},"content":{"rendered":"","protected":false},"excerpt":{"rendered":"<ul>\n<li>200+ vid\u00e9os, 2\u2019000+ exercices interactifs, des PDF t\u00e9l\u00e9chargeables<\/li>\n<li>Nos experts vous accompagnent \u00e0 distance individuellement ou en groupe<\/li>\n<li>Des tests en ligne et un examen en blanc pour vous mettre en situation d&#8217;examen<\/li>\n<li>Possibilit\u00e9 de faire l&#8217;examen final \u00e0 tout moment durant votre formation<\/li>\n<\/ul>\n","protected":false},"featured_media":8008,"template":"","meta":{"content-type":"","_uag_custom_page_level_css":""},"product_brand":[],"product_cat":[1360],"product_tag":[],"class_list":{"0":"post-52125","1":"product","2":"type-product","3":"status-publish","4":"has-post-thumbnail","6":"product_cat-comptabilite-fiscalite-diplomes","8":"first","9":"instock","10":"sold-individually","11":"shipping-taxable","12":"purchasable","13":"product-type-variable-subscription","14":"has-default-attributes"},"yoast_head":"<!-- This site is optimized with the Yoast SEO plugin v27.3 - https:\/\/yoast.com\/product\/yoast-seo-wordpress\/ -->\n<title>Dipl\u00f4me Comptable | Formation Comptabilit\u00e9 Suisse en ligne<\/title>\n<meta name=\"description\" content=\"Sp\u00e9cialiste en comptabilit\u00e9 et RH - Programme 2.0 \u2714 Obtenez votre Dipl\u00f4me de Comptable avec notre formation en ligne et entrez dans le domaine de la comptabilit\u00e9 suisse.\" \/>\n<meta name=\"robots\" content=\"noindex, nofollow\" \/>\n<meta property=\"og:locale\" content=\"de_DE\" \/>\n<meta property=\"og:type\" content=\"article\" \/>\n<meta property=\"og:title\" content=\"Dipl\u00f4me Comptable | Formation Comptabilit\u00e9 Suisse en ligne\" \/>\n<meta property=\"og:description\" content=\"Sp\u00e9cialiste en comptabilit\u00e9 et RH - Programme 2.0 \u2714 Obtenez votre Dipl\u00f4me de Comptable avec notre formation en ligne et entrez dans le domaine de la comptabilit\u00e9 suisse.\" \/>\n<meta property=\"og:url\" content=\"https:\/\/betterstudy.ch\/de\/produit\/specialiste-en-comptabilite-et-rh-programme-2-0\/\" \/>\n<meta property=\"og:site_name\" content=\"BetterStudy Formation en ligne\" \/>\n<meta property=\"article:publisher\" content=\"https:\/\/www.facebook.com\/BetterStudy\/\" \/>\n<meta property=\"article:modified_time\" content=\"2026-03-11T12:28:55+00:00\" \/>\n<meta property=\"og:image\" content=\"https:\/\/betterstudy.ch\/wp-content\/uploads\/2020\/04\/diplome-comptable-1.jpg\" \/>\n\t<meta property=\"og:image:width\" content=\"1024\" \/>\n\t<meta property=\"og:image:height\" content=\"819\" \/>\n\t<meta property=\"og:image:type\" content=\"image\/jpeg\" \/>\n<meta name=\"twitter:card\" content=\"summary_large_image\" \/>\n<meta name=\"twitter:site\" content=\"@betterstudych\" \/>\n<meta name=\"twitter:label1\" content=\"Gesch\u00e4tzte Lesezeit\" \/>\n\t<meta name=\"twitter:data1\" content=\"13\u00a0Minuten\" \/>\n<script type=\"application\/ld+json\" class=\"yoast-schema-graph\">{\"@context\":\"https:\\\/\\\/schema.org\",\"@graph\":[{\"@type\":\"WebPage\",\"@id\":\"https:\\\/\\\/betterstudy.ch\\\/de\\\/produit\\\/specialiste-en-comptabilite-et-rh-programme-2-0\\\/\",\"url\":\"https:\\\/\\\/betterstudy.ch\\\/de\\\/produit\\\/specialiste-en-comptabilite-et-rh-programme-2-0\\\/\",\"name\":\"Dipl\u00f4me Comptable | Formation Comptabilit\u00e9 Suisse en ligne\",\"isPartOf\":{\"@id\":\"https:\\\/\\\/betterstudy.ch\\\/de\\\/#website\"},\"primaryImageOfPage\":{\"@id\":\"https:\\\/\\\/betterstudy.ch\\\/de\\\/produit\\\/specialiste-en-comptabilite-et-rh-programme-2-0\\\/#primaryimage\"},\"image\":{\"@id\":\"https:\\\/\\\/betterstudy.ch\\\/de\\\/produit\\\/specialiste-en-comptabilite-et-rh-programme-2-0\\\/#primaryimage\"},\"thumbnailUrl\":\"https:\\\/\\\/betterstudy.ch\\\/wp-content\\\/uploads\\\/2020\\\/04\\\/diplome-comptable-1.jpg\",\"datePublished\":\"2025-03-10T08:45:51+00:00\",\"dateModified\":\"2026-03-11T12:28:55+00:00\",\"description\":\"Sp\u00e9cialiste en comptabilit\u00e9 et RH - Programme 2.0 \u2714 Obtenez votre Dipl\u00f4me de Comptable avec notre formation en ligne et entrez dans le domaine de la comptabilit\u00e9 suisse.\",\"breadcrumb\":{\"@id\":\"https:\\\/\\\/betterstudy.ch\\\/de\\\/produit\\\/specialiste-en-comptabilite-et-rh-programme-2-0\\\/#breadcrumb\"},\"inLanguage\":\"de-CH\",\"potentialAction\":[{\"@type\":\"ReadAction\",\"target\":[\"https:\\\/\\\/betterstudy.ch\\\/de\\\/produit\\\/specialiste-en-comptabilite-et-rh-programme-2-0\\\/\"]}]},{\"@type\":\"ImageObject\",\"inLanguage\":\"de-CH\",\"@id\":\"https:\\\/\\\/betterstudy.ch\\\/de\\\/produit\\\/specialiste-en-comptabilite-et-rh-programme-2-0\\\/#primaryimage\",\"url\":\"https:\\\/\\\/betterstudy.ch\\\/wp-content\\\/uploads\\\/2020\\\/04\\\/diplome-comptable-1.jpg\",\"contentUrl\":\"https:\\\/\\\/betterstudy.ch\\\/wp-content\\\/uploads\\\/2020\\\/04\\\/diplome-comptable-1.jpg\",\"width\":1024,\"height\":819,\"caption\":\"dipl\u00f4me comptable\"},{\"@type\":\"BreadcrumbList\",\"@id\":\"https:\\\/\\\/betterstudy.ch\\\/de\\\/produit\\\/specialiste-en-comptabilite-et-rh-programme-2-0\\\/#breadcrumb\",\"itemListElement\":[{\"@type\":\"ListItem\",\"position\":1,\"name\":\"Boutique\",\"item\":\"https:\\\/\\\/betterstudy.ch\\\/boutique\\\/\"},{\"@type\":\"ListItem\",\"position\":2,\"name\":\"Sp\u00e9cialiste en comptabilit\u00e9 et RH &#8211; Programme 2.0\"}]},{\"@type\":\"WebSite\",\"@id\":\"https:\\\/\\\/betterstudy.ch\\\/de\\\/#website\",\"url\":\"https:\\\/\\\/betterstudy.ch\\\/de\\\/\",\"name\":\"BetterStudy Formation en ligne\",\"description\":\"Formation en ligne cours de finance et comptabilit\u00e9\",\"publisher\":{\"@id\":\"https:\\\/\\\/betterstudy.ch\\\/de\\\/#organization\"},\"potentialAction\":[{\"@type\":\"SearchAction\",\"target\":{\"@type\":\"EntryPoint\",\"urlTemplate\":\"https:\\\/\\\/betterstudy.ch\\\/de\\\/?s={search_term_string}\"},\"query-input\":{\"@type\":\"PropertyValueSpecification\",\"valueRequired\":true,\"valueName\":\"search_term_string\"}}],\"inLanguage\":\"de-CH\"},{\"@type\":\"Organization\",\"@id\":\"https:\\\/\\\/betterstudy.ch\\\/de\\\/#organization\",\"name\":\"BetterStudy\",\"url\":\"https:\\\/\\\/betterstudy.ch\\\/de\\\/\",\"logo\":{\"@type\":\"ImageObject\",\"inLanguage\":\"de-CH\",\"@id\":\"https:\\\/\\\/betterstudy.ch\\\/de\\\/#\\\/schema\\\/logo\\\/image\\\/\",\"url\":\"https:\\\/\\\/betterstudy.ch\\\/wp-content\\\/uploads\\\/2020\\\/05\\\/betterstudy-logo-site.png\",\"contentUrl\":\"https:\\\/\\\/betterstudy.ch\\\/wp-content\\\/uploads\\\/2020\\\/05\\\/betterstudy-logo-site.png\",\"width\":134,\"height\":43,\"caption\":\"BetterStudy\"},\"image\":{\"@id\":\"https:\\\/\\\/betterstudy.ch\\\/de\\\/#\\\/schema\\\/logo\\\/image\\\/\"},\"sameAs\":[\"https:\\\/\\\/www.facebook.com\\\/BetterStudy\\\/\",\"https:\\\/\\\/x.com\\\/betterstudych\",\"https:\\\/\\\/www.instagram.com\\\/betterstudy_online_course\\\/\",\"https:\\\/\\\/www.linkedin.com\\\/school\\\/betterstudy-cours-en-ligne\\\/\",\"https:\\\/\\\/www.youtube.com\\\/user\\\/betterstudy\"]}]}<\/script>\n<!-- \/ Yoast SEO plugin. -->","yoast_head_json":{"title":"Dipl\u00f4me Comptable | Formation Comptabilit\u00e9 Suisse en ligne","description":"Sp\u00e9cialiste en comptabilit\u00e9 et RH - Programme 2.0 \u2714 Obtenez votre Dipl\u00f4me de Comptable avec notre formation en ligne et entrez dans le domaine de la comptabilit\u00e9 suisse.","robots":{"index":"noindex","follow":"nofollow"},"og_locale":"de_DE","og_type":"article","og_title":"Dipl\u00f4me Comptable | Formation Comptabilit\u00e9 Suisse en ligne","og_description":"Sp\u00e9cialiste en comptabilit\u00e9 et RH - Programme 2.0 \u2714 Obtenez votre Dipl\u00f4me de Comptable avec notre formation en ligne et entrez dans le domaine de la comptabilit\u00e9 suisse.","og_url":"https:\/\/betterstudy.ch\/de\/produit\/specialiste-en-comptabilite-et-rh-programme-2-0\/","og_site_name":"BetterStudy Formation en ligne","article_publisher":"https:\/\/www.facebook.com\/BetterStudy\/","article_modified_time":"2026-03-11T12:28:55+00:00","og_image":[{"width":1024,"height":819,"url":"https:\/\/betterstudy.ch\/wp-content\/uploads\/2020\/04\/diplome-comptable-1.jpg","type":"image\/jpeg"}],"twitter_card":"summary_large_image","twitter_site":"@betterstudych","twitter_misc":{"Gesch\u00e4tzte Lesezeit":"13\u00a0Minuten"},"schema":{"@context":"https:\/\/schema.org","@graph":[{"@type":"WebPage","@id":"https:\/\/betterstudy.ch\/de\/produit\/specialiste-en-comptabilite-et-rh-programme-2-0\/","url":"https:\/\/betterstudy.ch\/de\/produit\/specialiste-en-comptabilite-et-rh-programme-2-0\/","name":"Dipl\u00f4me Comptable | Formation Comptabilit\u00e9 Suisse en ligne","isPartOf":{"@id":"https:\/\/betterstudy.ch\/de\/#website"},"primaryImageOfPage":{"@id":"https:\/\/betterstudy.ch\/de\/produit\/specialiste-en-comptabilite-et-rh-programme-2-0\/#primaryimage"},"image":{"@id":"https:\/\/betterstudy.ch\/de\/produit\/specialiste-en-comptabilite-et-rh-programme-2-0\/#primaryimage"},"thumbnailUrl":"https:\/\/betterstudy.ch\/wp-content\/uploads\/2020\/04\/diplome-comptable-1.jpg","datePublished":"2025-03-10T08:45:51+00:00","dateModified":"2026-03-11T12:28:55+00:00","description":"Sp\u00e9cialiste en comptabilit\u00e9 et RH - Programme 2.0 \u2714 Obtenez votre Dipl\u00f4me de Comptable avec notre formation en ligne et entrez dans le domaine de la comptabilit\u00e9 suisse.","breadcrumb":{"@id":"https:\/\/betterstudy.ch\/de\/produit\/specialiste-en-comptabilite-et-rh-programme-2-0\/#breadcrumb"},"inLanguage":"de-CH","potentialAction":[{"@type":"ReadAction","target":["https:\/\/betterstudy.ch\/de\/produit\/specialiste-en-comptabilite-et-rh-programme-2-0\/"]}]},{"@type":"ImageObject","inLanguage":"de-CH","@id":"https:\/\/betterstudy.ch\/de\/produit\/specialiste-en-comptabilite-et-rh-programme-2-0\/#primaryimage","url":"https:\/\/betterstudy.ch\/wp-content\/uploads\/2020\/04\/diplome-comptable-1.jpg","contentUrl":"https:\/\/betterstudy.ch\/wp-content\/uploads\/2020\/04\/diplome-comptable-1.jpg","width":1024,"height":819,"caption":"dipl\u00f4me comptable"},{"@type":"BreadcrumbList","@id":"https:\/\/betterstudy.ch\/de\/produit\/specialiste-en-comptabilite-et-rh-programme-2-0\/#breadcrumb","itemListElement":[{"@type":"ListItem","position":1,"name":"Boutique","item":"https:\/\/betterstudy.ch\/boutique\/"},{"@type":"ListItem","position":2,"name":"Sp\u00e9cialiste en comptabilit\u00e9 et RH &#8211; Programme 2.0"}]},{"@type":"WebSite","@id":"https:\/\/betterstudy.ch\/de\/#website","url":"https:\/\/betterstudy.ch\/de\/","name":"BetterStudy Formation en ligne","description":"Formation en ligne cours de finance et comptabilit\u00e9","publisher":{"@id":"https:\/\/betterstudy.ch\/de\/#organization"},"potentialAction":[{"@type":"SearchAction","target":{"@type":"EntryPoint","urlTemplate":"https:\/\/betterstudy.ch\/de\/?s={search_term_string}"},"query-input":{"@type":"PropertyValueSpecification","valueRequired":true,"valueName":"search_term_string"}}],"inLanguage":"de-CH"},{"@type":"Organization","@id":"https:\/\/betterstudy.ch\/de\/#organization","name":"BetterStudy","url":"https:\/\/betterstudy.ch\/de\/","logo":{"@type":"ImageObject","inLanguage":"de-CH","@id":"https:\/\/betterstudy.ch\/de\/#\/schema\/logo\/image\/","url":"https:\/\/betterstudy.ch\/wp-content\/uploads\/2020\/05\/betterstudy-logo-site.png","contentUrl":"https:\/\/betterstudy.ch\/wp-content\/uploads\/2020\/05\/betterstudy-logo-site.png","width":134,"height":43,"caption":"BetterStudy"},"image":{"@id":"https:\/\/betterstudy.ch\/de\/#\/schema\/logo\/image\/"},"sameAs":["https:\/\/www.facebook.com\/BetterStudy\/","https:\/\/x.com\/betterstudych","https:\/\/www.instagram.com\/betterstudy_online_course\/","https:\/\/www.linkedin.com\/school\/betterstudy-cours-en-ligne\/","https:\/\/www.youtube.com\/user\/betterstudy"]}]}},"uagb_featured_image_src":{"full":["https:\/\/betterstudy.ch\/wp-content\/uploads\/2020\/04\/diplome-comptable-1.jpg",1024,819,false],"thumbnail":["https:\/\/betterstudy.ch\/wp-content\/uploads\/2020\/04\/diplome-comptable-1-150x150.jpg",150,150,true],"medium":["https:\/\/betterstudy.ch\/wp-content\/uploads\/2020\/04\/diplome-comptable-1-375x300.jpg",375,300,true],"medium_large":["https:\/\/betterstudy.ch\/wp-content\/uploads\/2020\/04\/diplome-comptable-1-768x614.jpg",640,512,true],"large":["https:\/\/betterstudy.ch\/wp-content\/uploads\/2020\/04\/diplome-comptable-1.jpg",640,512,false],"1536x1536":["https:\/\/betterstudy.ch\/wp-content\/uploads\/2020\/04\/diplome-comptable-1.jpg",1024,819,false],"2048x2048":["https:\/\/betterstudy.ch\/wp-content\/uploads\/2020\/04\/diplome-comptable-1.jpg",1024,819,false],"archive-thumb":["https:\/\/betterstudy.ch\/wp-content\/uploads\/2020\/04\/diplome-comptable-1-450x300.jpg",450,300,true],"woocommerce_thumbnail":["https:\/\/betterstudy.ch\/wp-content\/uploads\/2020\/04\/diplome-comptable-1-410x308.jpg",410,308,true],"woocommerce_single":["https:\/\/betterstudy.ch\/wp-content\/uploads\/2020\/04\/diplome-comptable-1-600x480.jpg",600,480,true],"woocommerce_gallery_thumbnail":["https:\/\/betterstudy.ch\/wp-content\/uploads\/2020\/04\/diplome-comptable-1-100x100.jpg",100,100,true],"variation_swatches_image_size":["https:\/\/betterstudy.ch\/wp-content\/uploads\/2020\/04\/diplome-comptable-1.jpg",50,40,false],"variation_swatches_tooltip_size":["https:\/\/betterstudy.ch\/wp-content\/uploads\/2020\/04\/diplome-comptable-1.jpg",100,80,false]},"uagb_author_info":{"display_name":"Christophe Schranz","author_link":"https:\/\/betterstudy.ch\/de\/author\/"},"uagb_comment_info":0,"uagb_excerpt":"200+ vid\u00e9os, 2\u2019000+ exercices interactifs, des PDF t\u00e9l\u00e9chargeables Nos experts vous accompagnent \u00e0 distance individuellement ou en groupe Des tests en ligne et un examen en blanc pour vous mettre en situation d'examen Possibilit\u00e9 de faire l'examen final \u00e0 tout moment durant votre formation","_links":{"self":[{"href":"https:\/\/betterstudy.ch\/de\/wp-json\/wp\/v2\/product\/52125","targetHints":{"allow":["GET"]}}],"collection":[{"href":"https:\/\/betterstudy.ch\/de\/wp-json\/wp\/v2\/product"}],"about":[{"href":"https:\/\/betterstudy.ch\/de\/wp-json\/wp\/v2\/types\/product"}],"version-history":[{"count":0,"href":"https:\/\/betterstudy.ch\/de\/wp-json\/wp\/v2\/product\/52125\/revisions"}],"wp:featuredmedia":[{"embeddable":true,"href":"https:\/\/betterstudy.ch\/de\/wp-json\/wp\/v2\/media\/8008"}],"wp:attachment":[{"href":"https:\/\/betterstudy.ch\/de\/wp-json\/wp\/v2\/media?parent=52125"}],"wp:term":[{"taxonomy":"product_brand","embeddable":true,"href":"https:\/\/betterstudy.ch\/de\/wp-json\/wp\/v2\/product_brand?post=52125"},{"taxonomy":"product_cat","embeddable":true,"href":"https:\/\/betterstudy.ch\/de\/wp-json\/wp\/v2\/product_cat?post=52125"},{"taxonomy":"product_tag","embeddable":true,"href":"https:\/\/betterstudy.ch\/de\/wp-json\/wp\/v2\/product_tag?post=52125"}],"curies":[{"name":"wp","href":"https:\/\/api.w.org\/{rel}","templated":true}]}}