{"id":34959,"date":"2023-01-12T08:02:46","date_gmt":"2023-01-12T07:02:46","guid":{"rendered":"https:\/\/betterstudy.ch\/produit\/certificat-dintermediaire-dassurance-afa\/"},"modified":"2023-01-12T08:02:46","modified_gmt":"2023-01-12T07:02:46","slug":"certificat-dintermediaire-dassurance-afa","status":"publish","type":"product","link":"https:\/\/betterstudy.ch\/de\/produit\/certificat-dintermediaire-dassurance-afa\/","title":{"rendered":"Certificat d\u2019Interm\u00e9diaire d\u2019assurance AFA"},"content":{"rendered":"<p dir=\"ltr\" style=\"text-align:left;\"><span style=\"font-size:15px;\">Devenir Interm\u00e9diaire en assurance certifi\u00e9 AFA\u00a0 Vous \u00eates interm\u00e9diaire en assurance ou souhaitez le devenir. La certification AFA vous permet d\u2019attester de vos connaissances afin de prodiguer des conseils de qualit\u00e9 \u00e0 vos clients priv\u00e9s et satisfaisez aux exigences de la FINMA en mati\u00e8re de qualification professionnelle.<\/span><\/p>\n<p>Le Certificat AFA est la premi\u00e8re \u00e9tape qui vous permet vous former en suite au Brevet f\u00e9d\u00e9ral de Sp\u00e9cialiste en assurances si vous avez pour objectif d\u2019aller plus loin dans votre carri\u00e8re.<\/p>\n<p><\/p>\n","protected":false},"excerpt":{"rendered":"<p>Devenir Interm\u00e9diaire en assurance certifi\u00e9 AFA\u00a0 Vous \u00eates interm\u00e9diaire en assurance ou souhaitez le devenir. La certification AFA vous permet d\u2019attester de vos connaissances afin de prodiguer des conseils de qualit\u00e9 \u00e0 vos clients priv\u00e9s et satisfaisez aux [&hellip;]<\/p>\n","protected":false},"featured_media":0,"template":"","meta":{"content-type":"","_uag_custom_page_level_css":""},"product_brand":[],"product_cat":[1673],"product_tag":[],"class_list":{"0":"post-34959","1":"product","2":"type-product","3":"status-publish","5":"product_cat-assurances","7":"first","8":"instock","9":"downloadable","10":"virtual","11":"sold-individually","12":"product-type-simple"},"yoast_head":"<!-- This site is optimized with the Yoast SEO plugin v27.4 - https:\/\/yoast.com\/product\/yoast-seo-wordpress\/ -->\n<title>Certificat d\u2019Interm\u00e9diaire d\u2019assurance AFA - Formation en ligne | Betterstudy<\/title>\n<meta name=\"description\" content=\"Certificat d\u2019Interm\u00e9diaire d\u2019assurance AFA \u2714 D\u00e9veloppez votre carri\u00e8re avec notre formation en ligne.\" \/>\n<meta name=\"robots\" content=\"index, follow, max-snippet:-1, max-image-preview:large, max-video-preview:-1\" \/>\n<link rel=\"canonical\" href=\"https:\/\/betterstudy.ch\/de\/produit\/certificat-dintermediaire-dassurance-afa\/\" \/>\n<meta property=\"og:locale\" content=\"de_DE\" \/>\n<meta property=\"og:type\" content=\"article\" \/>\n<meta property=\"og:title\" content=\"Certificat d\u2019Interm\u00e9diaire d\u2019assurance AFA - Formation en ligne | Betterstudy\" \/>\n<meta property=\"og:description\" content=\"Certificat d\u2019Interm\u00e9diaire d\u2019assurance AFA \u2714 D\u00e9veloppez votre carri\u00e8re avec notre formation en ligne.\" \/>\n<meta property=\"og:url\" content=\"https:\/\/betterstudy.ch\/de\/produit\/certificat-dintermediaire-dassurance-afa\/\" \/>\n<meta property=\"og:site_name\" content=\"BetterStudy Formation en ligne\" \/>\n<meta property=\"article:publisher\" content=\"https:\/\/www.facebook.com\/BetterStudy\/\" \/>\n<meta property=\"og:image\" content=\"https:\/\/betterstudy.ch\/wp-content\/uploads\/2020\/03\/logo.png\" \/>\n\t<meta property=\"og:image:width\" content=\"1565\" \/>\n\t<meta property=\"og:image:height\" content=\"378\" \/>\n\t<meta property=\"og:image:type\" content=\"image\/png\" \/>\n<meta name=\"twitter:card\" content=\"summary_large_image\" \/>\n<meta name=\"twitter:site\" content=\"@betterstudych\" \/>\n<script type=\"application\/ld+json\" class=\"yoast-schema-graph\">{\"@context\":\"https:\\\/\\\/schema.org\",\"@graph\":[{\"@type\":\"WebPage\",\"@id\":\"https:\\\/\\\/betterstudy.ch\\\/de\\\/produit\\\/certificat-dintermediaire-dassurance-afa\\\/\",\"url\":\"https:\\\/\\\/betterstudy.ch\\\/de\\\/produit\\\/certificat-dintermediaire-dassurance-afa\\\/\",\"name\":\"Certificat d\u2019Interm\u00e9diaire d\u2019assurance AFA - Formation en ligne | Betterstudy\",\"isPartOf\":{\"@id\":\"https:\\\/\\\/betterstudy.ch\\\/de\\\/#website\"},\"datePublished\":\"2023-01-12T07:02:46+00:00\",\"description\":\"Certificat d\u2019Interm\u00e9diaire d\u2019assurance AFA \u2714 D\u00e9veloppez votre carri\u00e8re avec notre formation en ligne.\",\"breadcrumb\":{\"@id\":\"https:\\\/\\\/betterstudy.ch\\\/de\\\/produit\\\/certificat-dintermediaire-dassurance-afa\\\/#breadcrumb\"},\"inLanguage\":\"de-CH\",\"potentialAction\":[{\"@type\":\"ReadAction\",\"target\":[\"https:\\\/\\\/betterstudy.ch\\\/de\\\/produit\\\/certificat-dintermediaire-dassurance-afa\\\/\"]}]},{\"@type\":\"BreadcrumbList\",\"@id\":\"https:\\\/\\\/betterstudy.ch\\\/de\\\/produit\\\/certificat-dintermediaire-dassurance-afa\\\/#breadcrumb\",\"itemListElement\":[{\"@type\":\"ListItem\",\"position\":1,\"name\":\"Boutique\",\"item\":\"https:\\\/\\\/betterstudy.ch\\\/boutique\\\/\"},{\"@type\":\"ListItem\",\"position\":2,\"name\":\"Certificat d\u2019Interm\u00e9diaire d\u2019assurance AFA\"}]},{\"@type\":\"WebSite\",\"@id\":\"https:\\\/\\\/betterstudy.ch\\\/de\\\/#website\",\"url\":\"https:\\\/\\\/betterstudy.ch\\\/de\\\/\",\"name\":\"BetterStudy Formation en ligne\",\"description\":\"Formation en ligne cours de finance et comptabilit\u00e9\",\"publisher\":{\"@id\":\"https:\\\/\\\/betterstudy.ch\\\/de\\\/#organization\"},\"potentialAction\":[{\"@type\":\"SearchAction\",\"target\":{\"@type\":\"EntryPoint\",\"urlTemplate\":\"https:\\\/\\\/betterstudy.ch\\\/de\\\/?s={search_term_string}\"},\"query-input\":{\"@type\":\"PropertyValueSpecification\",\"valueRequired\":true,\"valueName\":\"search_term_string\"}}],\"inLanguage\":\"de-CH\"},{\"@type\":\"Organization\",\"@id\":\"https:\\\/\\\/betterstudy.ch\\\/de\\\/#organization\",\"name\":\"BetterStudy\",\"url\":\"https:\\\/\\\/betterstudy.ch\\\/de\\\/\",\"logo\":{\"@type\":\"ImageObject\",\"inLanguage\":\"de-CH\",\"@id\":\"https:\\\/\\\/betterstudy.ch\\\/de\\\/#\\\/schema\\\/logo\\\/image\\\/\",\"url\":\"https:\\\/\\\/betterstudy.ch\\\/wp-content\\\/uploads\\\/2020\\\/05\\\/betterstudy-logo-site.png\",\"contentUrl\":\"https:\\\/\\\/betterstudy.ch\\\/wp-content\\\/uploads\\\/2020\\\/05\\\/betterstudy-logo-site.png\",\"width\":134,\"height\":43,\"caption\":\"BetterStudy\"},\"image\":{\"@id\":\"https:\\\/\\\/betterstudy.ch\\\/de\\\/#\\\/schema\\\/logo\\\/image\\\/\"},\"sameAs\":[\"https:\\\/\\\/www.facebook.com\\\/BetterStudy\\\/\",\"https:\\\/\\\/x.com\\\/betterstudych\",\"https:\\\/\\\/www.instagram.com\\\/betterstudy_online_course\\\/\",\"https:\\\/\\\/www.linkedin.com\\\/school\\\/betterstudy-cours-en-ligne\\\/\",\"https:\\\/\\\/www.youtube.com\\\/user\\\/betterstudy\"]}]}<\/script>\n<!-- \/ Yoast SEO plugin. -->","yoast_head_json":{"title":"Certificat d\u2019Interm\u00e9diaire d\u2019assurance AFA - Formation en ligne | Betterstudy","description":"Certificat d\u2019Interm\u00e9diaire d\u2019assurance AFA \u2714 D\u00e9veloppez votre carri\u00e8re avec notre formation en ligne.","robots":{"index":"index","follow":"follow","max-snippet":"max-snippet:-1","max-image-preview":"max-image-preview:large","max-video-preview":"max-video-preview:-1"},"canonical":"https:\/\/betterstudy.ch\/de\/produit\/certificat-dintermediaire-dassurance-afa\/","og_locale":"de_DE","og_type":"article","og_title":"Certificat d\u2019Interm\u00e9diaire d\u2019assurance AFA - Formation en ligne | Betterstudy","og_description":"Certificat d\u2019Interm\u00e9diaire d\u2019assurance AFA \u2714 D\u00e9veloppez votre carri\u00e8re avec notre formation en ligne.","og_url":"https:\/\/betterstudy.ch\/de\/produit\/certificat-dintermediaire-dassurance-afa\/","og_site_name":"BetterStudy Formation en ligne","article_publisher":"https:\/\/www.facebook.com\/BetterStudy\/","og_image":[{"width":1565,"height":378,"url":"https:\/\/betterstudy.ch\/wp-content\/uploads\/2020\/03\/logo.png","type":"image\/png"}],"twitter_card":"summary_large_image","twitter_site":"@betterstudych","schema":{"@context":"https:\/\/schema.org","@graph":[{"@type":"WebPage","@id":"https:\/\/betterstudy.ch\/de\/produit\/certificat-dintermediaire-dassurance-afa\/","url":"https:\/\/betterstudy.ch\/de\/produit\/certificat-dintermediaire-dassurance-afa\/","name":"Certificat d\u2019Interm\u00e9diaire d\u2019assurance AFA - Formation en ligne | Betterstudy","isPartOf":{"@id":"https:\/\/betterstudy.ch\/de\/#website"},"datePublished":"2023-01-12T07:02:46+00:00","description":"Certificat d\u2019Interm\u00e9diaire d\u2019assurance AFA \u2714 D\u00e9veloppez votre carri\u00e8re avec notre formation en ligne.","breadcrumb":{"@id":"https:\/\/betterstudy.ch\/de\/produit\/certificat-dintermediaire-dassurance-afa\/#breadcrumb"},"inLanguage":"de-CH","potentialAction":[{"@type":"ReadAction","target":["https:\/\/betterstudy.ch\/de\/produit\/certificat-dintermediaire-dassurance-afa\/"]}]},{"@type":"BreadcrumbList","@id":"https:\/\/betterstudy.ch\/de\/produit\/certificat-dintermediaire-dassurance-afa\/#breadcrumb","itemListElement":[{"@type":"ListItem","position":1,"name":"Boutique","item":"https:\/\/betterstudy.ch\/boutique\/"},{"@type":"ListItem","position":2,"name":"Certificat d\u2019Interm\u00e9diaire d\u2019assurance AFA"}]},{"@type":"WebSite","@id":"https:\/\/betterstudy.ch\/de\/#website","url":"https:\/\/betterstudy.ch\/de\/","name":"BetterStudy Formation en ligne","description":"Formation en ligne cours de finance et comptabilit\u00e9","publisher":{"@id":"https:\/\/betterstudy.ch\/de\/#organization"},"potentialAction":[{"@type":"SearchAction","target":{"@type":"EntryPoint","urlTemplate":"https:\/\/betterstudy.ch\/de\/?s={search_term_string}"},"query-input":{"@type":"PropertyValueSpecification","valueRequired":true,"valueName":"search_term_string"}}],"inLanguage":"de-CH"},{"@type":"Organization","@id":"https:\/\/betterstudy.ch\/de\/#organization","name":"BetterStudy","url":"https:\/\/betterstudy.ch\/de\/","logo":{"@type":"ImageObject","inLanguage":"de-CH","@id":"https:\/\/betterstudy.ch\/de\/#\/schema\/logo\/image\/","url":"https:\/\/betterstudy.ch\/wp-content\/uploads\/2020\/05\/betterstudy-logo-site.png","contentUrl":"https:\/\/betterstudy.ch\/wp-content\/uploads\/2020\/05\/betterstudy-logo-site.png","width":134,"height":43,"caption":"BetterStudy"},"image":{"@id":"https:\/\/betterstudy.ch\/de\/#\/schema\/logo\/image\/"},"sameAs":["https:\/\/www.facebook.com\/BetterStudy\/","https:\/\/x.com\/betterstudych","https:\/\/www.instagram.com\/betterstudy_online_course\/","https:\/\/www.linkedin.com\/school\/betterstudy-cours-en-ligne\/","https:\/\/www.youtube.com\/user\/betterstudy"]}]}},"uagb_featured_image_src":{"full":false,"thumbnail":false,"medium":false,"medium_large":false,"large":false,"1536x1536":false,"2048x2048":false,"archive-thumb":false,"woocommerce_thumbnail":false,"woocommerce_single":false,"woocommerce_gallery_thumbnail":false,"variation_swatches_image_size":false,"variation_swatches_tooltip_size":false},"uagb_author_info":{"display_name":"","author_link":"https:\/\/betterstudy.ch\/de\/author\/"},"uagb_comment_info":0,"uagb_excerpt":"Devenir Interm\u00e9diaire en assurance certifi\u00e9 AFA\u00a0 Vous \u00eates interm\u00e9diaire en assurance ou souhaitez le devenir. La certification AFA vous permet d\u2019attester de vos connaissances afin de prodiguer des conseils de qualit\u00e9 \u00e0 vos clients priv\u00e9s et satisfaisez aux [&hellip;]","_links":{"self":[{"href":"https:\/\/betterstudy.ch\/de\/wp-json\/wp\/v2\/product\/34959","targetHints":{"allow":["GET"]}}],"collection":[{"href":"https:\/\/betterstudy.ch\/de\/wp-json\/wp\/v2\/product"}],"about":[{"href":"https:\/\/betterstudy.ch\/de\/wp-json\/wp\/v2\/types\/product"}],"version-history":[{"count":0,"href":"https:\/\/betterstudy.ch\/de\/wp-json\/wp\/v2\/product\/34959\/revisions"}],"wp:attachment":[{"href":"https:\/\/betterstudy.ch\/de\/wp-json\/wp\/v2\/media?parent=34959"}],"wp:term":[{"taxonomy":"product_brand","embeddable":true,"href":"https:\/\/betterstudy.ch\/de\/wp-json\/wp\/v2\/product_brand?post=34959"},{"taxonomy":"product_cat","embeddable":true,"href":"https:\/\/betterstudy.ch\/de\/wp-json\/wp\/v2\/product_cat?post=34959"},{"taxonomy":"product_tag","embeddable":true,"href":"https:\/\/betterstudy.ch\/de\/wp-json\/wp\/v2\/product_tag?post=34959"}],"curies":[{"name":"wp","href":"https:\/\/api.w.org\/{rel}","templated":true}]}}