{"id":20972,"date":"2021-08-17T15:52:47","date_gmt":"2021-08-17T13:52:47","guid":{"rendered":"https:\/\/betterstudy.ch\/?post_type=product&#038;p=20972"},"modified":"2022-01-28T16:52:53","modified_gmt":"2022-01-28T15:52:53","slug":"preinscription","status":"publish","type":"product","link":"https:\/\/betterstudy.ch\/de\/produit\/preinscription\/","title":{"rendered":"Pr\u00e9inscription"},"content":{"rendered":"<p>[vc_row][vc_column offset=&#187;vc_hidden-lg vc_hidden-md vc_hidden-sm vc_hidden-xs&#187;][vc_row_inner el_class=&#187;trust-product&#187; css=&#187;.vc_custom_1588846922046{padding-bottom: 15px !important;}&#187;][vc_column_inner width=&#187;1\/2&#8243;][vc_icon type=&#187;betterstudy&#187; color=&#187;black&#187; align=&#187;center&#187; css_animation=&#187;appear&#187; icon_betterstudy=&#187;betterstudy-icon icon-calendar&#187; css=&#187;.vc_custom_1587465589894{margin-bottom: 0px !important;}&#187;][vc_column_text css=&#187;.vc_custom_1587469708768{margin-bottom: 5px !important;}&#187;]<\/p>\n<p style=\"text-align: center;\">Dur\u00e9e d&#8217;acc\u00e8s \u00e0 la formation<\/p>\n<p>[\/vc_column_text][vc_custom_heading text=&#187;&#187; font_container=&#187;tag:div|font_size:18|text_align:center|color:%23000000|line_height:normal&#187; google_fonts=&#187;font_family:Roboto%3A100%2C100italic%2C300%2C300italic%2Cregular%2Citalic%2C500%2C500italic%2C700%2C700italic%2C900%2C900italic|font_style:500%20bold%20regular%3A500%3Anormal&#187;][\/vc_column_inner][vc_column_inner width=&#187;1\/2&#8243;][vc_icon type=&#187;betterstudy&#187; color=&#187;black&#187; align=&#187;center&#187; css_animation=&#187;appear&#187; icon_betterstudy=&#187;betterstudy-icon icon-clock&#187; css=&#187;.vc_custom_1587465942279{margin-bottom: 0px !important;}&#187;][vc_column_text css=&#187;.vc_custom_1587469718597{margin-bottom: 5px !important;}&#187;]<\/p>\n<p style=\"text-align: center;\">Temps d&#8217;\u00e9tudes<br \/>\nmoyen (\u00e0 votre rythme)<\/p>\n<p>[\/vc_column_text][vc_custom_heading text=&#187;&#187; font_container=&#187;tag:div|font_size:18|text_align:center|color:%23000000|line_height:normal&#187; google_fonts=&#187;font_family:Roboto%3A100%2C100italic%2C300%2C300italic%2Cregular%2Citalic%2C500%2C500italic%2C700%2C700italic%2C900%2C900italic|font_style:500%20bold%20regular%3A500%3Anormal&#187;][\/vc_column_inner][\/vc_row_inner][\/vc_column][\/vc_row][vc_row full_width=&#187;stretch_row&#187; css=&#187;.vc_custom_1587572619594{margin-bottom: 0px !important;background-color: #ffffff !important;}&#187;][vc_column css=&#187;.vc_custom_1629210515253{margin-bottom: 0px !important;padding-bottom: 0px !important;}&#187; offset=&#187;vc_hidden-lg vc_hidden-md vc_hidden-sm vc_hidden-xs&#187;][vc_tta_tabs style=&#187;outline&#187; shape=&#187;square&#187; color=&#187;black&#187; spacing=&#187;&#187; alignment=&#187;center&#187; active_section=&#187;1&#8243; no_fill_content_area=&#187;true&#187; el_class=&#187;black-tabs&#187; css=&#187;.vc_custom_1588582729917{margin-bottom: 0px !important;}&#187;][vc_tta_section title=&#187;DESCRIPTION&#187; tab_id=&#187;descriptiona4d2-fb7f&#187;][vc_column_text el_class=&#187;blue-gradient&#187; css=&#187;.vc_custom_1588583250421{margin-bottom: 15px !important;}&#187;]<\/p>\n<h2 style=\"text-align: center;\">DESCRIPTION<\/h2>\n<p>[\/vc_column_text][vc_column_text css_animation=&#187;none&#187;][\/vc_column_text][\/vc_tta_section][vc_tta_section title=&#187;D\u00c9BOUCH\u00c9S&#187; tab_id=&#187;debouchesa4d2-fb7f&#187;][vc_column_text el_class=&#187;blue-gradient&#187; css=&#187;.vc_custom_1587392549935{margin-bottom: 15px !important;}&#187;]<\/p>\n<h2 style=\"text-align: center;\">D\u00c9BOUCH\u00c9S<\/h2>\n<p>[\/vc_column_text][vc_column_text][\/vc_column_text][\/vc_tta_section][vc_tta_section title=&#187;MODULES&#187; tab_id=&#187;modulesa4d2-fb7f&#187; el_class=&#187;modules-section&#187;][vc_column_text el_class=&#187;blue-gradient&#187; css=&#187;.vc_custom_1587556337273{margin-bottom: 15px !important;}&#187;]<\/p>\n<h2 style=\"text-align: center;\">MODULES<\/h2>\n<p>[\/vc_column_text][vc_column_text css_animation=&#187;none&#187;][\/vc_column_text][\/vc_tta_section][vc_tta_section title=&#187;VID\u00c9OS&#187; tab_id=&#187;videosa4d2-fb7f&#187;][vc_column_text el_class=&#187;blue-gradient&#187; css=&#187;.vc_custom_1587392585910{margin-bottom: 15px !important;}&#187;]<\/p>\n<h2 style=\"text-align: center;\">VID\u00c9OS<\/h2>\n<p>[\/vc_column_text][\/vc_tta_section][vc_tta_section title=&#187;FAQ&#187; tab_id=&#187;faqa4d2-fb7f&#187;][vc_column_text el_class=&#187;blue-gradient&#187; css=&#187;.vc_custom_1587392596100{margin-bottom: 15px !important;}&#187;]<\/p>\n<h2 style=\"text-align: center;\">FAQ<\/h2>\n<p>[\/vc_column_text][vc_toggle title=&#187;Puis-je poser des questions \u00e0 un.e formateur\u00b7trice ?&#187; style=&#187;square&#187;][\/vc_toggle][vc_toggle title=&#187;Quelle est la dur\u00e9e d\u2019acc\u00e8s au contenu en ligne ?&#187; style=&#187;square&#187;][\/vc_toggle][vc_toggle title=&#187;Puis-je b\u00e9n\u00e9ficier de la subvention f\u00e9d\u00e9rale pour me faire rembourser ?&#187; style=&#187;square&#187;][\/vc_toggle][\/vc_tta_section][\/vc_tta_tabs][\/vc_column][\/vc_row][vc_row full_width=&#187;stretch_row&#187; parallax=&#187;content-moving&#187; parallax_image=&#187;6602&#8243; disable_element=&#187;yes&#187; css=&#187;.vc_custom_1619680924588{margin-top: 0px !important;padding-top: 30px !important;padding-bottom: 0px !important;}&#187;][vc_column css=&#187;.vc_custom_1586255842883{padding-top: 10px !important;}&#187;][vc_column_text el_class=&#187;white-text&#187; css=&#187;.vc_custom_1586503248015{margin-bottom: 15px !important;border-bottom-width: 0px !important;}&#187;]<\/p>\n<h2 style=\"text-align: center;\"><strong>NOS PROCHAINES S\u00c9ANCES<br \/>\nD&#8217;INFORMATIONS<\/strong><\/h2>\n<p>[\/vc_column_text][vc_row_inner el_class=&#187;vc_hidden-xs&#187;][vc_column_inner width=&#187;1\/6&#8243; offset=&#187;vc_hidden-sm vc_hidden-xs&#187;][\/vc_column_inner][vc_column_inner offset=&#187;vc_col-lg-8 vc_col-md-8&#8243;][vc_basic_grid post_type=&#187;seance-information&#187; max_items=&#187;4&#8243; element_width=&#187;6&#8243; item=&#187;6476&#8243; grid_id=&#187;vc_gid:1629218754812-d21ec76f-b699-5&#8243;][\/vc_column_inner][vc_column_inner width=&#187;1\/6&#8243; offset=&#187;vc_hidden-sm vc_hidden-xs&#187;][\/vc_column_inner][\/vc_row_inner][vc_row_inner css=&#187;.vc_custom_1591633083394{padding-top: 0px !important;padding-bottom: 0px !important;}&#187;][vc_column_inner offset=&#187;vc_hidden-lg vc_hidden-md vc_hidden-sm&#187; css=&#187;.vc_custom_1591633089665{padding-top: 0px !important;padding-bottom: 0px !important;}&#187;][vc_basic_grid post_type=&#187;seance-information&#187; max_items=&#187;-1&#8243; style=&#187;pagination&#187; items_per_page=&#187;1&#8243; element_width=&#187;12&#8243; gap=&#187;0&#8243; arrows_design=&#187;vc_arrow-icon-arrow_12_left&#187; arrows_position=&#187;outside&#187; arrows_color=&#187;grey&#187; paging_design=&#187;square_dots&#187; paging_color=&#187;white&#187; item=&#187;6476&#8243; grid_id=&#187;vc_gid:1629218754814-38f81de5-2062-10&#8243; css=&#187;.vc_custom_1591632891074{margin-bottom: 0px !important;}&#187;][\/vc_column_inner][\/vc_row_inner][\/vc_column][\/vc_row]<\/p>\n","protected":false},"excerpt":{"rendered":"<p>Acompte sur votre formation<\/p>\n","protected":false},"featured_media":7873,"template":"","meta":{"content-type":"","_uag_custom_page_level_css":""},"product_brand":[],"product_cat":[1352],"product_tag":[],"class_list":{"0":"post-20972","1":"product","2":"type-product","3":"status-publish","4":"has-post-thumbnail","6":"product_cat-non-classe","8":"first","9":"instock","10":"sold-individually","11":"shipping-taxable","12":"purchasable","13":"product-type-variable-subscription","14":"has-default-attributes"},"yoast_head":"<!-- This site is optimized with the Yoast SEO plugin v27.4 - https:\/\/yoast.com\/product\/yoast-seo-wordpress\/ -->\n<title>Pr\u00e9inscription | BetterStudy<\/title>\n<meta name=\"description\" content=\"Pr\u00e9inscription \u2714 D\u00e9veloppez votre carri\u00e8re avec notre formation en ligne.\" \/>\n<meta name=\"robots\" content=\"noindex, nofollow\" \/>\n<meta property=\"og:locale\" content=\"de_DE\" \/>\n<meta property=\"og:type\" content=\"article\" \/>\n<meta property=\"og:title\" content=\"Pr\u00e9inscription | BetterStudy\" \/>\n<meta property=\"og:description\" content=\"Pr\u00e9inscription \u2714 D\u00e9veloppez votre carri\u00e8re avec notre formation en ligne.\" \/>\n<meta property=\"og:url\" content=\"https:\/\/betterstudy.ch\/de\/produit\/preinscription\/\" \/>\n<meta property=\"og:site_name\" content=\"BetterStudy Formation en ligne\" \/>\n<meta property=\"article:publisher\" content=\"https:\/\/www.facebook.com\/BetterStudy\/\" \/>\n<meta property=\"article:modified_time\" content=\"2022-01-28T15:52:53+00:00\" \/>\n<meta property=\"og:image\" content=\"https:\/\/betterstudy.ch\/wp-content\/uploads\/2020\/04\/anciens-examens-du-bfsfc-videos-de-resolution-des-exercices.jpg\" \/>\n\t<meta property=\"og:image:width\" content=\"1024\" \/>\n\t<meta property=\"og:image:height\" content=\"819\" \/>\n\t<meta property=\"og:image:type\" content=\"image\/jpeg\" \/>\n<meta name=\"twitter:card\" content=\"summary_large_image\" \/>\n<meta name=\"twitter:site\" content=\"@betterstudych\" \/>\n<meta name=\"twitter:label1\" content=\"Gesch\u00e4tzte Lesezeit\" \/>\n\t<meta name=\"twitter:data1\" content=\"1\u00a0Minute\" \/>\n<script type=\"application\/ld+json\" class=\"yoast-schema-graph\">{\"@context\":\"https:\\\/\\\/schema.org\",\"@graph\":[{\"@type\":\"WebPage\",\"@id\":\"https:\\\/\\\/betterstudy.ch\\\/de\\\/produit\\\/preinscription\\\/\",\"url\":\"https:\\\/\\\/betterstudy.ch\\\/de\\\/produit\\\/preinscription\\\/\",\"name\":\"Pr\u00e9inscription | BetterStudy\",\"isPartOf\":{\"@id\":\"https:\\\/\\\/betterstudy.ch\\\/de\\\/#website\"},\"primaryImageOfPage\":{\"@id\":\"https:\\\/\\\/betterstudy.ch\\\/de\\\/produit\\\/preinscription\\\/#primaryimage\"},\"image\":{\"@id\":\"https:\\\/\\\/betterstudy.ch\\\/de\\\/produit\\\/preinscription\\\/#primaryimage\"},\"thumbnailUrl\":\"https:\\\/\\\/betterstudy.ch\\\/wp-content\\\/uploads\\\/2020\\\/04\\\/anciens-examens-du-bfsfc-videos-de-resolution-des-exercices.jpg\",\"datePublished\":\"2021-08-17T13:52:47+00:00\",\"dateModified\":\"2022-01-28T15:52:53+00:00\",\"description\":\"Pr\u00e9inscription \u2714 D\u00e9veloppez votre carri\u00e8re avec notre formation en ligne.\",\"breadcrumb\":{\"@id\":\"https:\\\/\\\/betterstudy.ch\\\/de\\\/produit\\\/preinscription\\\/#breadcrumb\"},\"inLanguage\":\"de-CH\",\"potentialAction\":[{\"@type\":\"ReadAction\",\"target\":[\"https:\\\/\\\/betterstudy.ch\\\/de\\\/produit\\\/preinscription\\\/\"]}]},{\"@type\":\"ImageObject\",\"inLanguage\":\"de-CH\",\"@id\":\"https:\\\/\\\/betterstudy.ch\\\/de\\\/produit\\\/preinscription\\\/#primaryimage\",\"url\":\"https:\\\/\\\/betterstudy.ch\\\/wp-content\\\/uploads\\\/2020\\\/04\\\/anciens-examens-du-bfsfc-videos-de-resolution-des-exercices.jpg\",\"contentUrl\":\"https:\\\/\\\/betterstudy.ch\\\/wp-content\\\/uploads\\\/2020\\\/04\\\/anciens-examens-du-bfsfc-videos-de-resolution-des-exercices.jpg\",\"width\":1024,\"height\":819,\"caption\":\"Anciens examens du BFSFC : vid\u00e9os de r\u00e9solution des exercices\"},{\"@type\":\"BreadcrumbList\",\"@id\":\"https:\\\/\\\/betterstudy.ch\\\/de\\\/produit\\\/preinscription\\\/#breadcrumb\",\"itemListElement\":[{\"@type\":\"ListItem\",\"position\":1,\"name\":\"Boutique\",\"item\":\"https:\\\/\\\/betterstudy.ch\\\/boutique\\\/\"},{\"@type\":\"ListItem\",\"position\":2,\"name\":\"Pr\u00e9inscription\"}]},{\"@type\":\"WebSite\",\"@id\":\"https:\\\/\\\/betterstudy.ch\\\/de\\\/#website\",\"url\":\"https:\\\/\\\/betterstudy.ch\\\/de\\\/\",\"name\":\"BetterStudy Formation en ligne\",\"description\":\"Formation en ligne cours de finance et comptabilit\u00e9\",\"publisher\":{\"@id\":\"https:\\\/\\\/betterstudy.ch\\\/de\\\/#organization\"},\"potentialAction\":[{\"@type\":\"SearchAction\",\"target\":{\"@type\":\"EntryPoint\",\"urlTemplate\":\"https:\\\/\\\/betterstudy.ch\\\/de\\\/?s={search_term_string}\"},\"query-input\":{\"@type\":\"PropertyValueSpecification\",\"valueRequired\":true,\"valueName\":\"search_term_string\"}}],\"inLanguage\":\"de-CH\"},{\"@type\":\"Organization\",\"@id\":\"https:\\\/\\\/betterstudy.ch\\\/de\\\/#organization\",\"name\":\"BetterStudy\",\"url\":\"https:\\\/\\\/betterstudy.ch\\\/de\\\/\",\"logo\":{\"@type\":\"ImageObject\",\"inLanguage\":\"de-CH\",\"@id\":\"https:\\\/\\\/betterstudy.ch\\\/de\\\/#\\\/schema\\\/logo\\\/image\\\/\",\"url\":\"https:\\\/\\\/betterstudy.ch\\\/wp-content\\\/uploads\\\/2020\\\/05\\\/betterstudy-logo-site.png\",\"contentUrl\":\"https:\\\/\\\/betterstudy.ch\\\/wp-content\\\/uploads\\\/2020\\\/05\\\/betterstudy-logo-site.png\",\"width\":134,\"height\":43,\"caption\":\"BetterStudy\"},\"image\":{\"@id\":\"https:\\\/\\\/betterstudy.ch\\\/de\\\/#\\\/schema\\\/logo\\\/image\\\/\"},\"sameAs\":[\"https:\\\/\\\/www.facebook.com\\\/BetterStudy\\\/\",\"https:\\\/\\\/x.com\\\/betterstudych\",\"https:\\\/\\\/www.instagram.com\\\/betterstudy_online_course\\\/\",\"https:\\\/\\\/www.linkedin.com\\\/school\\\/betterstudy-cours-en-ligne\\\/\",\"https:\\\/\\\/www.youtube.com\\\/user\\\/betterstudy\"]}]}<\/script>\n<!-- \/ Yoast SEO plugin. -->","yoast_head_json":{"title":"Pr\u00e9inscription | BetterStudy","description":"Pr\u00e9inscription \u2714 D\u00e9veloppez votre carri\u00e8re avec notre formation en ligne.","robots":{"index":"noindex","follow":"nofollow"},"og_locale":"de_DE","og_type":"article","og_title":"Pr\u00e9inscription | BetterStudy","og_description":"Pr\u00e9inscription \u2714 D\u00e9veloppez votre carri\u00e8re avec notre formation en ligne.","og_url":"https:\/\/betterstudy.ch\/de\/produit\/preinscription\/","og_site_name":"BetterStudy Formation en ligne","article_publisher":"https:\/\/www.facebook.com\/BetterStudy\/","article_modified_time":"2022-01-28T15:52:53+00:00","og_image":[{"width":1024,"height":819,"url":"https:\/\/betterstudy.ch\/wp-content\/uploads\/2020\/04\/anciens-examens-du-bfsfc-videos-de-resolution-des-exercices.jpg","type":"image\/jpeg"}],"twitter_card":"summary_large_image","twitter_site":"@betterstudych","twitter_misc":{"Gesch\u00e4tzte Lesezeit":"1\u00a0Minute"},"schema":{"@context":"https:\/\/schema.org","@graph":[{"@type":"WebPage","@id":"https:\/\/betterstudy.ch\/de\/produit\/preinscription\/","url":"https:\/\/betterstudy.ch\/de\/produit\/preinscription\/","name":"Pr\u00e9inscription | BetterStudy","isPartOf":{"@id":"https:\/\/betterstudy.ch\/de\/#website"},"primaryImageOfPage":{"@id":"https:\/\/betterstudy.ch\/de\/produit\/preinscription\/#primaryimage"},"image":{"@id":"https:\/\/betterstudy.ch\/de\/produit\/preinscription\/#primaryimage"},"thumbnailUrl":"https:\/\/betterstudy.ch\/wp-content\/uploads\/2020\/04\/anciens-examens-du-bfsfc-videos-de-resolution-des-exercices.jpg","datePublished":"2021-08-17T13:52:47+00:00","dateModified":"2022-01-28T15:52:53+00:00","description":"Pr\u00e9inscription \u2714 D\u00e9veloppez votre carri\u00e8re avec notre formation en ligne.","breadcrumb":{"@id":"https:\/\/betterstudy.ch\/de\/produit\/preinscription\/#breadcrumb"},"inLanguage":"de-CH","potentialAction":[{"@type":"ReadAction","target":["https:\/\/betterstudy.ch\/de\/produit\/preinscription\/"]}]},{"@type":"ImageObject","inLanguage":"de-CH","@id":"https:\/\/betterstudy.ch\/de\/produit\/preinscription\/#primaryimage","url":"https:\/\/betterstudy.ch\/wp-content\/uploads\/2020\/04\/anciens-examens-du-bfsfc-videos-de-resolution-des-exercices.jpg","contentUrl":"https:\/\/betterstudy.ch\/wp-content\/uploads\/2020\/04\/anciens-examens-du-bfsfc-videos-de-resolution-des-exercices.jpg","width":1024,"height":819,"caption":"Anciens examens du BFSFC : vid\u00e9os de r\u00e9solution des exercices"},{"@type":"BreadcrumbList","@id":"https:\/\/betterstudy.ch\/de\/produit\/preinscription\/#breadcrumb","itemListElement":[{"@type":"ListItem","position":1,"name":"Boutique","item":"https:\/\/betterstudy.ch\/boutique\/"},{"@type":"ListItem","position":2,"name":"Pr\u00e9inscription"}]},{"@type":"WebSite","@id":"https:\/\/betterstudy.ch\/de\/#website","url":"https:\/\/betterstudy.ch\/de\/","name":"BetterStudy Formation en ligne","description":"Formation en ligne cours de finance et comptabilit\u00e9","publisher":{"@id":"https:\/\/betterstudy.ch\/de\/#organization"},"potentialAction":[{"@type":"SearchAction","target":{"@type":"EntryPoint","urlTemplate":"https:\/\/betterstudy.ch\/de\/?s={search_term_string}"},"query-input":{"@type":"PropertyValueSpecification","valueRequired":true,"valueName":"search_term_string"}}],"inLanguage":"de-CH"},{"@type":"Organization","@id":"https:\/\/betterstudy.ch\/de\/#organization","name":"BetterStudy","url":"https:\/\/betterstudy.ch\/de\/","logo":{"@type":"ImageObject","inLanguage":"de-CH","@id":"https:\/\/betterstudy.ch\/de\/#\/schema\/logo\/image\/","url":"https:\/\/betterstudy.ch\/wp-content\/uploads\/2020\/05\/betterstudy-logo-site.png","contentUrl":"https:\/\/betterstudy.ch\/wp-content\/uploads\/2020\/05\/betterstudy-logo-site.png","width":134,"height":43,"caption":"BetterStudy"},"image":{"@id":"https:\/\/betterstudy.ch\/de\/#\/schema\/logo\/image\/"},"sameAs":["https:\/\/www.facebook.com\/BetterStudy\/","https:\/\/x.com\/betterstudych","https:\/\/www.instagram.com\/betterstudy_online_course\/","https:\/\/www.linkedin.com\/school\/betterstudy-cours-en-ligne\/","https:\/\/www.youtube.com\/user\/betterstudy"]}]}},"uagb_featured_image_src":{"full":["https:\/\/betterstudy.ch\/wp-content\/uploads\/2020\/04\/anciens-examens-du-bfsfc-videos-de-resolution-des-exercices.jpg",1024,819,false],"thumbnail":["https:\/\/betterstudy.ch\/wp-content\/uploads\/2020\/04\/anciens-examens-du-bfsfc-videos-de-resolution-des-exercices-150x150.jpg",150,150,true],"medium":["https:\/\/betterstudy.ch\/wp-content\/uploads\/2020\/04\/anciens-examens-du-bfsfc-videos-de-resolution-des-exercices-375x300.jpg",375,300,true],"medium_large":["https:\/\/betterstudy.ch\/wp-content\/uploads\/2020\/04\/anciens-examens-du-bfsfc-videos-de-resolution-des-exercices-768x614.jpg",640,512,true],"large":["https:\/\/betterstudy.ch\/wp-content\/uploads\/2020\/04\/anciens-examens-du-bfsfc-videos-de-resolution-des-exercices.jpg",640,512,false],"1536x1536":["https:\/\/betterstudy.ch\/wp-content\/uploads\/2020\/04\/anciens-examens-du-bfsfc-videos-de-resolution-des-exercices.jpg",1024,819,false],"2048x2048":["https:\/\/betterstudy.ch\/wp-content\/uploads\/2020\/04\/anciens-examens-du-bfsfc-videos-de-resolution-des-exercices.jpg",1024,819,false],"archive-thumb":["https:\/\/betterstudy.ch\/wp-content\/uploads\/2020\/04\/anciens-examens-du-bfsfc-videos-de-resolution-des-exercices-450x300.jpg",450,300,true],"woocommerce_thumbnail":["https:\/\/betterstudy.ch\/wp-content\/uploads\/2020\/04\/anciens-examens-du-bfsfc-videos-de-resolution-des-exercices-410x308.jpg",410,308,true],"woocommerce_single":["https:\/\/betterstudy.ch\/wp-content\/uploads\/2020\/04\/anciens-examens-du-bfsfc-videos-de-resolution-des-exercices-600x480.jpg",600,480,true],"woocommerce_gallery_thumbnail":["https:\/\/betterstudy.ch\/wp-content\/uploads\/2020\/04\/anciens-examens-du-bfsfc-videos-de-resolution-des-exercices-100x100.jpg",100,100,true],"variation_swatches_image_size":["https:\/\/betterstudy.ch\/wp-content\/uploads\/2020\/04\/anciens-examens-du-bfsfc-videos-de-resolution-des-exercices.jpg",50,40,false],"variation_swatches_tooltip_size":["https:\/\/betterstudy.ch\/wp-content\/uploads\/2020\/04\/anciens-examens-du-bfsfc-videos-de-resolution-des-exercices.jpg",100,80,false]},"uagb_author_info":{"display_name":"betterstudy","author_link":"https:\/\/betterstudy.ch\/de\/author\/"},"uagb_comment_info":0,"uagb_excerpt":"Acompte sur votre formation","_links":{"self":[{"href":"https:\/\/betterstudy.ch\/de\/wp-json\/wp\/v2\/product\/20972","targetHints":{"allow":["GET"]}}],"collection":[{"href":"https:\/\/betterstudy.ch\/de\/wp-json\/wp\/v2\/product"}],"about":[{"href":"https:\/\/betterstudy.ch\/de\/wp-json\/wp\/v2\/types\/product"}],"version-history":[{"count":0,"href":"https:\/\/betterstudy.ch\/de\/wp-json\/wp\/v2\/product\/20972\/revisions"}],"wp:featuredmedia":[{"embeddable":true,"href":"https:\/\/betterstudy.ch\/de\/wp-json\/wp\/v2\/media\/7873"}],"wp:attachment":[{"href":"https:\/\/betterstudy.ch\/de\/wp-json\/wp\/v2\/media?parent=20972"}],"wp:term":[{"taxonomy":"product_brand","embeddable":true,"href":"https:\/\/betterstudy.ch\/de\/wp-json\/wp\/v2\/product_brand?post=20972"},{"taxonomy":"product_cat","embeddable":true,"href":"https:\/\/betterstudy.ch\/de\/wp-json\/wp\/v2\/product_cat?post=20972"},{"taxonomy":"product_tag","embeddable":true,"href":"https:\/\/betterstudy.ch\/de\/wp-json\/wp\/v2\/product_tag?post=20972"}],"curies":[{"name":"wp","href":"https:\/\/api.w.org\/{rel}","templated":true}]}}