{"id":31156,"date":"2022-01-06T16:45:12","date_gmt":"2022-01-06T15:45:12","guid":{"rendered":"https:\/\/betterstudy.ch\/reglement-examens\/"},"modified":"2025-07-02T11:40:15","modified_gmt":"2025-07-02T09:40:15","slug":"prufungsordnung","status":"publish","type":"page","link":"https:\/\/betterstudy.ch\/de\/prufungsordnung\/","title":{"rendered":"Pr\u00fcfungsordnung"},"content":{"rendered":"\t\t<div data-elementor-type=\"wp-page\" data-elementor-id=\"31156\" class=\"elementor elementor-31156 elementor-26799\" data-elementor-post-type=\"page\">\n\t\t\t\t\t\t<section class=\"elementor-section elementor-top-section elementor-element elementor-element-57b816f elementor-section-content-middle elementor-section-stretched elementor-section-boxed elementor-section-height-default elementor-section-height-default\" data-id=\"57b816f\" data-element_type=\"section\" data-e-type=\"section\" data-settings=\"{&quot;stretch_section&quot;:&quot;section-stretched&quot;,&quot;background_background&quot;:&quot;classic&quot;}\">\n\t\t\t\t\t\t\t<div class=\"elementor-background-overlay\"><\/div>\n\t\t\t\t\t\t\t<div class=\"elementor-container elementor-column-gap-default\">\n\t\t\t\t\t<div class=\"elementor-column elementor-col-100 elementor-top-column elementor-element elementor-element-6e0c2fa\" data-id=\"6e0c2fa\" data-element_type=\"column\" data-e-type=\"column\">\n\t\t\t<div class=\"elementor-widget-wrap elementor-element-populated\">\n\t\t\t\t\t\t<div class=\"elementor-element elementor-element-c49d12c elementor-widget elementor-widget-heading\" data-id=\"c49d12c\" data-element_type=\"widget\" data-e-type=\"widget\" data-widget_type=\"heading.default\">\n\t\t\t\t<div class=\"elementor-widget-container\">\n\t\t\t\t\t<h1 class=\"elementor-heading-title elementor-size-default\">Pr\u00fcfungsordnung des Instituts BetterStudy<\/h1>\t\t\t\t<\/div>\n\t\t\t\t<\/div>\n\t\t\t\t\t<\/div>\n\t\t<\/div>\n\t\t\t\t\t<\/div>\n\t\t<\/section>\n\t\t\t\t<section class=\"elementor-section elementor-top-section elementor-element elementor-element-91681cd elementor-section-boxed elementor-section-height-default elementor-section-height-default\" data-id=\"91681cd\" data-element_type=\"section\" data-e-type=\"section\">\n\t\t\t\t\t\t<div class=\"elementor-container elementor-column-gap-default\">\n\t\t\t\t\t<div class=\"elementor-column elementor-col-100 elementor-top-column elementor-element elementor-element-d1d24a0\" data-id=\"d1d24a0\" data-element_type=\"column\" data-e-type=\"column\">\n\t\t\t<div class=\"elementor-widget-wrap elementor-element-populated\">\n\t\t\t\t\t\t<div class=\"elementor-element elementor-element-900247a elementor-widget elementor-widget-text-editor\" data-id=\"900247a\" data-element_type=\"widget\" data-e-type=\"widget\" data-widget_type=\"text-editor.default\">\n\t\t\t\t<div class=\"elementor-widget-container\">\n\t\t\t\t\t\t\t\t\t<p><strong>F\u00fcr die Abschl\u00fcsse Assistent\/in Rechnungswesen, Sachbearbeiter\/in\u00a0Rechnungswesen Grundlagen und Sachbearbeiter\/in\u00a0Rechnungswesen Vertiefung<\/strong><\/p><p>Der\/die Studierende hat Anspruch auf maximal drei Pr\u00fcfungsversuche im Abstand von mindestens zwei Wochen.<\/p><p>Die Pr\u00fcfungsgeb\u00fchren (mit Ausnahme des ersten Versuchs, der in den Ausbildungsgeb\u00fchren enthalten ist) sind im Voraus zu entrichten, und zwar in H\u00f6he von CHF 490 f\u00fcr die Pr\u00fcfung zum Assistent\/in Rechnungswesen, CHF 590 f\u00fcr die Pr\u00fcfung zum Sachbearbeiter\/in Rechnungswesen Grundlagen und CHF 690 f\u00fcr die Pr\u00fcfung Diplom als Sachbearbeiter\/in Rechnungswesen Vertiefung. Dieser Betrag beinhaltet eine Probeklausur und die Anmeldung zur Abschlusspr\u00fcfung.<\/p><p>Die Pr\u00fcfungen zum Buchhaltungsgehilfen\/zur Buchhaltungsgehilfin und zum Buchhalter\/zur Buchhalterin dauern 3 Std. 20 Min., davon 2 Std. 30 Minuten schriftliche Arbeit zum theoretischen Teil der Pr\u00fcfung, 20 Minuten Pause und 30 Minuten \u00dcbung mit der Software Cr\u00e9sus.<\/p><p>Der f\u00fcr den Abschluss erforderliche Notendurchschnitt betr\u00e4gt 4. Die Bundesskala wird mit einer Zehntel-Aufrundung angewendet.<\/p><p>Der Studierende muss die Pr\u00fcfung mit einem Schreibwerkzeug und einem nicht programmierbaren Taschenrechner ablegen.<\/p><p>Jeder Betrug oder Betrugsversuch f\u00fchrt zum Abbruch der Pr\u00fcfung und einem Verbot der Wiederholung der Pr\u00fcfung zu einem sp\u00e4teren Zeitpunkt.<\/p><p><em>Alle Informationen unterliegen m\u00f6glichen \u00c4nderungen im Laufe der Zeit.<\/em><\/p>\t\t\t\t\t\t\t\t<\/div>\n\t\t\t\t<\/div>\n\t\t\t\t\t<\/div>\n\t\t<\/div>\n\t\t\t\t\t<\/div>\n\t\t<\/section>\n\t\t\t\t<section class=\"elementor-section elementor-top-section elementor-element elementor-element-1016721 elementor-section-content-middle elementor-section-boxed elementor-section-height-default elementor-section-height-default\" data-id=\"1016721\" data-element_type=\"section\" data-e-type=\"section\">\n\t\t\t\t\t\t<div class=\"elementor-container elementor-column-gap-default\">\n\t\t\t\t\t<div class=\"elementor-column elementor-col-100 elementor-top-column elementor-element elementor-element-c40df53\" data-id=\"c40df53\" data-element_type=\"column\" data-e-type=\"column\">\n\t\t\t<div class=\"elementor-widget-wrap elementor-element-populated\">\n\t\t\t\t\t\t<section class=\"elementor-section elementor-inner-section elementor-element elementor-element-0ec686b elementor-section-boxed elementor-section-height-default elementor-section-height-default\" data-id=\"0ec686b\" data-element_type=\"section\" data-e-type=\"section\">\n\t\t\t\t\t\t<div class=\"elementor-container elementor-column-gap-default\">\n\t\t\t\t\t<div class=\"elementor-column elementor-col-50 elementor-inner-column elementor-element elementor-element-7b4237e\" data-id=\"7b4237e\" data-element_type=\"column\" data-e-type=\"column\">\n\t\t\t<div class=\"elementor-widget-wrap elementor-element-populated\">\n\t\t\t\t\t\t<div class=\"elementor-element elementor-element-3bbc34f elementor-widget elementor-widget-heading\" data-id=\"3bbc34f\" data-element_type=\"widget\" data-e-type=\"widget\" data-widget_type=\"heading.default\">\n\t\t\t\t<div class=\"elementor-widget-container\">\n\t\t\t\t\t<h3 class=\"elementor-heading-title elementor-size-default\">Sie haben eine Frage?<br>Kontaktieren Sie uns<\/h3>\t\t\t\t<\/div>\n\t\t\t\t<\/div>\n\t\t\t\t<div class=\"elementor-element elementor-element-7cb52c3 elementor-icon-list--layout-traditional elementor-list-item-link-full_width elementor-widget elementor-widget-icon-list\" data-id=\"7cb52c3\" data-element_type=\"widget\" data-e-type=\"widget\" data-widget_type=\"icon-list.default\">\n\t\t\t\t<div class=\"elementor-widget-container\">\n\t\t\t\t\t\t\t<ul class=\"elementor-icon-list-items\">\n\t\t\t\t\t\t\t<li class=\"elementor-icon-list-item\">\n\t\t\t\t\t\t\t\t\t\t\t<a href=\"mailto:info@betterstudy.ch\">\n\n\t\t\t\t\t\t\t\t\t\t\t\t<span class=\"elementor-icon-list-icon\">\n\t\t\t\t\t\t\t<i aria-hidden=\"true\" class=\"fas fa-envelope\"><\/i>\t\t\t\t\t\t<\/span>\n\t\t\t\t\t\t\t\t\t\t<span class=\"elementor-icon-list-text\">info@betterstudy.ch<\/span>\n\t\t\t\t\t\t\t\t\t\t\t<\/a>\n\t\t\t\t\t\t\t\t\t<\/li>\n\t\t\t\t\t\t\t\t<li class=\"elementor-icon-list-item\">\n\t\t\t\t\t\t\t\t\t\t\t<a href=\"\">\n\n\t\t\t\t\t\t\t\t\t\t\t\t<span class=\"elementor-icon-list-icon\">\n\t\t\t\t\t\t\t<i aria-hidden=\"true\" class=\"fas fa-phone-alt\"><\/i>\t\t\t\t\t\t<\/span>\n\t\t\t\t\t\t\t\t\t\t<span class=\"elementor-icon-list-text\">+41 (0)22 535 41 94<\/span>\n\t\t\t\t\t\t\t\t\t\t\t<\/a>\n\t\t\t\t\t\t\t\t\t<\/li>\n\t\t\t\t\t\t<\/ul>\n\t\t\t\t\t\t<\/div>\n\t\t\t\t<\/div>\n\t\t\t\t\t<\/div>\n\t\t<\/div>\n\t\t\t\t<div class=\"elementor-column elementor-col-50 elementor-inner-column elementor-element elementor-element-04136ae\" data-id=\"04136ae\" data-element_type=\"column\" data-e-type=\"column\">\n\t\t\t<div class=\"elementor-widget-wrap elementor-element-populated\">\n\t\t\t\t\t\t<div class=\"elementor-element elementor-element-974be23 elementor-widget elementor-widget-html\" data-id=\"974be23\" data-element_type=\"widget\" data-e-type=\"widget\" data-widget_type=\"html.default\">\n\t\t\t\t<div class=\"elementor-widget-container\">\n\t\t\t\t\t<!--[if lte IE 8]>\n<script charset=\"utf-8\" type=\"text\/javascript\" src=\"\/\/js.hsforms.net\/forms\/v2-legacy.js\"><\/script>\n<![endif]-->\n<script charset=\"utf-8\" type=\"text\/javascript\" src=\"\/\/js.hsforms.net\/forms\/v2.js\"><\/script>\n<script>\nfunction GetURLParameter(sParam) {\n    var sPageURL = window.location.search.substring(1);\n\tvar sURLVariables = sPageURL.split('&');\n\t    for (var i = 0; i <sURLVariables.length; i++) { var sParameterName = sURLVariables[i].split('='); if (sParameterName[0] == sParam) { return sParameterName[1]; } } } hbspt.forms.create({ portalId: \"2570441\", formId: \"52c0b7d1-c980-4fb6-b9d4-271d7f36df82\", onFormReady: function($form) { if (GetURLParameter(\"formation\")) $form.find('select[name=\"formation_souhaitee_new_website_\"]').val(decodeURI(GetURLParameter(\"formation\"))).change(); } }); <\/script>\t\t\t\t<\/div>\n\t\t\t\t<\/div>\n\t\t\t\t\t<\/div>\n\t\t<\/div>\n\t\t\t\t\t<\/div>\n\t\t<\/section>\n\t\t\t\t\t<\/div>\n\t\t<\/div>\n\t\t\t\t\t<\/div>\n\t\t<\/section>\n\t\t\t\t<section class=\"elementor-section elementor-top-section elementor-element elementor-element-b262963 elementor-section-content-middle elementor-section-stretched elementor-section-boxed elementor-section-height-default elementor-section-height-default\" data-id=\"b262963\" data-element_type=\"section\" data-e-type=\"section\" data-settings=\"{&quot;stretch_section&quot;:&quot;section-stretched&quot;,&quot;background_background&quot;:&quot;classic&quot;}\">\n\t\t\t\t\t\t<div class=\"elementor-container elementor-column-gap-default\">\n\t\t\t\t\t<div class=\"elementor-column elementor-col-100 elementor-top-column elementor-element elementor-element-b211063\" data-id=\"b211063\" data-element_type=\"column\" data-e-type=\"column\" id=\"essai-gratuit\">\n\t\t\t<div class=\"elementor-widget-wrap elementor-element-populated\">\n\t\t\t\t\t\t<div class=\"elementor-element elementor-element-c530766 elementor-widget elementor-widget-heading\" data-id=\"c530766\" data-element_type=\"widget\" data-e-type=\"widget\" data-widget_type=\"heading.default\">\n\t\t\t\t<div class=\"elementor-widget-container\">\n\t\t\t\t\t<h2 class=\"elementor-heading-title elementor-size-default\">Testen Sie unsere Schulungen 7 Tage lang<\/h2>\t\t\t\t<\/div>\n\t\t\t\t<\/div>\n\t\t\t\t<div class=\"elementor-element elementor-element-6b45768 elementor-widget elementor-widget-heading\" data-id=\"6b45768\" data-element_type=\"widget\" data-e-type=\"widget\" data-widget_type=\"heading.default\">\n\t\t\t\t<div class=\"elementor-widget-container\">\n\t\t\t\t\t<h3 class=\"elementor-heading-title elementor-size-default\">Kostenlos, ohne Risiko und ohne Verpflichtung<\/h3>\t\t\t\t<\/div>\n\t\t\t\t<\/div>\n\t\t\t\t<div class=\"elementor-element elementor-element-456b01e elementor-widget elementor-widget-html\" data-id=\"456b01e\" data-element_type=\"widget\" data-e-type=\"widget\" id=\"form\" data-widget_type=\"html.default\">\n\t\t\t\t<div class=\"elementor-widget-container\">\n\t\t\t\t\t<!--[if lte IE 8]>\n<script charset=\"utf-8\" type=\"text\/javascript\" src=\"\/\/js.hsforms.net\/forms\/v2-legacy.js\"><\/script>\n<![endif]-->\n<script charset=\"utf-8\" type=\"text\/javascript\" src=\"\/\/js.hsforms.net\/forms\/v2.js\"><\/script>\n<script>\n  hbspt.forms.create({\n    region: \"na1\",\n    portalId: \"2570441\",\n    formId: \"dd259d24-df11-486f-90d3-33ca2bd35aed\"\n});\n<\/script>\n<script>\n  window.addEventListener('message', event => {\n   if(event.data.type === 'hsFormCallback' && event.data.eventName === 'onFormReady') {\n       var options = document.querySelectorAll('.hs-fieldtype-intl-phone select option');\n  options.forEach(element => {\n    if (element.value != \"CH\" && element.value != \"FR\") {\n      element.remove()\n    }\n    if (element.value == \"CH\") {\n      element.innerHTML = 'Suisse';\n    }\n  })\n   }\n});\n<\/script>\t\t\t\t<\/div>\n\t\t\t\t<\/div>\n\t\t\t\t\t<\/div>\n\t\t<\/div>\n\t\t\t\t\t<\/div>\n\t\t<\/section>\n\t\t\t\t<\/div>\n\t\t","protected":false},"excerpt":{"rendered":"<p>Pr\u00fcfungsordnung des Instituts BetterStudy F\u00fcr die Abschl\u00fcsse Assistent\/in Rechnungswesen, Sachbearbeiter\/in\u00a0Rechnungswesen Grundlagen und Sachbearbeiter\/in\u00a0Rechnungswesen Vertiefung Der\/die Studierende hat Anspruch auf maximal drei Pr\u00fcfungsversuche im Abstand von mindestens zwei Wochen. Die Pr\u00fcfungsgeb\u00fchren (mit Ausnahme des ersten Versuchs, der in den [&hellip;]<\/p>\n","protected":false},"author":338,"featured_media":0,"parent":0,"menu_order":0,"comment_status":"closed","ping_status":"closed","template":"","meta":{"content-type":"","_uag_custom_page_level_css":"","footnotes":""},"partenaire":[],"class_list":["post-31156","page","type-page","status-publish","hentry"],"yoast_head":"<!-- This site is optimized with the Yoast SEO plugin v27.4 - https:\/\/yoast.com\/product\/yoast-seo-wordpress\/ -->\n<title>Ausbildungsinstitut f\u00fcr Buchhaltung und Rechnungswesen, HR, Versicherungen Schweiz | BetterStudy<\/title>\n<meta name=\"description\" content=\"BetterStudy, Ihre Schweizer Online-Fachschule mit Kursen und Ausbildungen f\u00fcr Buchhaltung und Rechnungswesen, HR-Management und Versicherung.\" \/>\n<meta name=\"robots\" content=\"noindex, follow\" \/>\n<meta property=\"og:locale\" content=\"de_DE\" \/>\n<meta property=\"og:type\" content=\"article\" \/>\n<meta property=\"og:title\" content=\"Ausbildungsinstitut f\u00fcr Buchhaltung und Rechnungswesen, HR, Versicherungen Schweiz | BetterStudy\" \/>\n<meta property=\"og:description\" content=\"BetterStudy, Ihre Schweizer Online-Fachschule mit Kursen und Ausbildungen f\u00fcr Buchhaltung und Rechnungswesen, HR-Management und Versicherung.\" \/>\n<meta property=\"og:url\" content=\"https:\/\/betterstudy.ch\/de\/prufungsordnung\/\" \/>\n<meta property=\"og:site_name\" content=\"BetterStudy Formation en ligne\" \/>\n<meta property=\"article:publisher\" content=\"https:\/\/www.facebook.com\/BetterStudy\/\" \/>\n<meta property=\"article:modified_time\" content=\"2025-07-02T09:40:15+00:00\" \/>\n<meta property=\"og:image\" content=\"https:\/\/betterstudy.ch\/wp-content\/uploads\/2020\/03\/logo.png\" \/>\n\t<meta property=\"og:image:width\" content=\"1565\" \/>\n\t<meta property=\"og:image:height\" content=\"378\" \/>\n\t<meta property=\"og:image:type\" content=\"image\/png\" \/>\n<meta name=\"twitter:card\" content=\"summary_large_image\" \/>\n<meta name=\"twitter:site\" content=\"@betterstudych\" \/>\n<meta name=\"twitter:label1\" content=\"Gesch\u00e4tzte Lesezeit\" \/>\n\t<meta name=\"twitter:data1\" content=\"2\u00a0Minuten\" \/>\n<script type=\"application\/ld+json\" class=\"yoast-schema-graph\">{\"@context\":\"https:\\\/\\\/schema.org\",\"@graph\":[{\"@type\":\"WebPage\",\"@id\":\"https:\\\/\\\/betterstudy.ch\\\/de\\\/prufungsordnung\\\/\",\"url\":\"https:\\\/\\\/betterstudy.ch\\\/de\\\/prufungsordnung\\\/\",\"name\":\"Ausbildungsinstitut f\u00fcr Buchhaltung und Rechnungswesen, HR, Versicherungen Schweiz | BetterStudy\",\"isPartOf\":{\"@id\":\"https:\\\/\\\/betterstudy.ch\\\/de\\\/#website\"},\"datePublished\":\"2022-01-06T15:45:12+00:00\",\"dateModified\":\"2025-07-02T09:40:15+00:00\",\"description\":\"BetterStudy, Ihre Schweizer Online-Fachschule mit Kursen und Ausbildungen f\u00fcr Buchhaltung und Rechnungswesen, HR-Management und Versicherung.\",\"inLanguage\":\"de-CH\",\"potentialAction\":[{\"@type\":\"ReadAction\",\"target\":[\"https:\\\/\\\/betterstudy.ch\\\/de\\\/prufungsordnung\\\/\"]}]},{\"@type\":\"WebSite\",\"@id\":\"https:\\\/\\\/betterstudy.ch\\\/de\\\/#website\",\"url\":\"https:\\\/\\\/betterstudy.ch\\\/de\\\/\",\"name\":\"BetterStudy Formation en ligne\",\"description\":\"Formation en ligne cours de finance et comptabilit\u00e9\",\"publisher\":{\"@id\":\"https:\\\/\\\/betterstudy.ch\\\/de\\\/#organization\"},\"potentialAction\":[{\"@type\":\"SearchAction\",\"target\":{\"@type\":\"EntryPoint\",\"urlTemplate\":\"https:\\\/\\\/betterstudy.ch\\\/de\\\/?s={search_term_string}\"},\"query-input\":{\"@type\":\"PropertyValueSpecification\",\"valueRequired\":true,\"valueName\":\"search_term_string\"}}],\"inLanguage\":\"de-CH\"},{\"@type\":\"Organization\",\"@id\":\"https:\\\/\\\/betterstudy.ch\\\/de\\\/#organization\",\"name\":\"BetterStudy\",\"url\":\"https:\\\/\\\/betterstudy.ch\\\/de\\\/\",\"logo\":{\"@type\":\"ImageObject\",\"inLanguage\":\"de-CH\",\"@id\":\"https:\\\/\\\/betterstudy.ch\\\/de\\\/#\\\/schema\\\/logo\\\/image\\\/\",\"url\":\"https:\\\/\\\/betterstudy.ch\\\/wp-content\\\/uploads\\\/2020\\\/05\\\/betterstudy-logo-site.png\",\"contentUrl\":\"https:\\\/\\\/betterstudy.ch\\\/wp-content\\\/uploads\\\/2020\\\/05\\\/betterstudy-logo-site.png\",\"width\":134,\"height\":43,\"caption\":\"BetterStudy\"},\"image\":{\"@id\":\"https:\\\/\\\/betterstudy.ch\\\/de\\\/#\\\/schema\\\/logo\\\/image\\\/\"},\"sameAs\":[\"https:\\\/\\\/www.facebook.com\\\/BetterStudy\\\/\",\"https:\\\/\\\/x.com\\\/betterstudych\",\"https:\\\/\\\/www.instagram.com\\\/betterstudy_online_course\\\/\",\"https:\\\/\\\/www.linkedin.com\\\/school\\\/betterstudy-cours-en-ligne\\\/\",\"https:\\\/\\\/www.youtube.com\\\/user\\\/betterstudy\"]}]}<\/script>\n<!-- \/ Yoast SEO plugin. -->","yoast_head_json":{"title":"Ausbildungsinstitut f\u00fcr Buchhaltung und Rechnungswesen, HR, Versicherungen Schweiz | BetterStudy","description":"BetterStudy, Ihre Schweizer Online-Fachschule mit Kursen und Ausbildungen f\u00fcr Buchhaltung und Rechnungswesen, HR-Management und Versicherung.","robots":{"index":"noindex","follow":"follow"},"og_locale":"de_DE","og_type":"article","og_title":"Ausbildungsinstitut f\u00fcr Buchhaltung und Rechnungswesen, HR, Versicherungen Schweiz | BetterStudy","og_description":"BetterStudy, Ihre Schweizer Online-Fachschule mit Kursen und Ausbildungen f\u00fcr Buchhaltung und Rechnungswesen, HR-Management und Versicherung.","og_url":"https:\/\/betterstudy.ch\/de\/prufungsordnung\/","og_site_name":"BetterStudy Formation en ligne","article_publisher":"https:\/\/www.facebook.com\/BetterStudy\/","article_modified_time":"2025-07-02T09:40:15+00:00","og_image":[{"width":1565,"height":378,"url":"https:\/\/betterstudy.ch\/wp-content\/uploads\/2020\/03\/logo.png","type":"image\/png"}],"twitter_card":"summary_large_image","twitter_site":"@betterstudych","twitter_misc":{"Gesch\u00e4tzte Lesezeit":"2\u00a0Minuten"},"schema":{"@context":"https:\/\/schema.org","@graph":[{"@type":"WebPage","@id":"https:\/\/betterstudy.ch\/de\/prufungsordnung\/","url":"https:\/\/betterstudy.ch\/de\/prufungsordnung\/","name":"Ausbildungsinstitut f\u00fcr Buchhaltung und Rechnungswesen, HR, Versicherungen Schweiz | BetterStudy","isPartOf":{"@id":"https:\/\/betterstudy.ch\/de\/#website"},"datePublished":"2022-01-06T15:45:12+00:00","dateModified":"2025-07-02T09:40:15+00:00","description":"BetterStudy, Ihre Schweizer Online-Fachschule mit Kursen und Ausbildungen f\u00fcr Buchhaltung und Rechnungswesen, HR-Management und Versicherung.","inLanguage":"de-CH","potentialAction":[{"@type":"ReadAction","target":["https:\/\/betterstudy.ch\/de\/prufungsordnung\/"]}]},{"@type":"WebSite","@id":"https:\/\/betterstudy.ch\/de\/#website","url":"https:\/\/betterstudy.ch\/de\/","name":"BetterStudy Formation en ligne","description":"Formation en ligne cours de finance et comptabilit\u00e9","publisher":{"@id":"https:\/\/betterstudy.ch\/de\/#organization"},"potentialAction":[{"@type":"SearchAction","target":{"@type":"EntryPoint","urlTemplate":"https:\/\/betterstudy.ch\/de\/?s={search_term_string}"},"query-input":{"@type":"PropertyValueSpecification","valueRequired":true,"valueName":"search_term_string"}}],"inLanguage":"de-CH"},{"@type":"Organization","@id":"https:\/\/betterstudy.ch\/de\/#organization","name":"BetterStudy","url":"https:\/\/betterstudy.ch\/de\/","logo":{"@type":"ImageObject","inLanguage":"de-CH","@id":"https:\/\/betterstudy.ch\/de\/#\/schema\/logo\/image\/","url":"https:\/\/betterstudy.ch\/wp-content\/uploads\/2020\/05\/betterstudy-logo-site.png","contentUrl":"https:\/\/betterstudy.ch\/wp-content\/uploads\/2020\/05\/betterstudy-logo-site.png","width":134,"height":43,"caption":"BetterStudy"},"image":{"@id":"https:\/\/betterstudy.ch\/de\/#\/schema\/logo\/image\/"},"sameAs":["https:\/\/www.facebook.com\/BetterStudy\/","https:\/\/x.com\/betterstudych","https:\/\/www.instagram.com\/betterstudy_online_course\/","https:\/\/www.linkedin.com\/school\/betterstudy-cours-en-ligne\/","https:\/\/www.youtube.com\/user\/betterstudy"]}]}},"uagb_featured_image_src":{"full":false,"thumbnail":false,"medium":false,"medium_large":false,"large":false,"1536x1536":false,"2048x2048":false,"archive-thumb":false,"woocommerce_thumbnail":false,"woocommerce_single":false,"woocommerce_gallery_thumbnail":false,"variation_swatches_image_size":false,"variation_swatches_tooltip_size":false},"uagb_author_info":{"display_name":"Christophe Schranz","author_link":"https:\/\/betterstudy.ch\/de\/author\/christophes\/"},"uagb_comment_info":0,"uagb_excerpt":"Pr\u00fcfungsordnung des Instituts BetterStudy F\u00fcr die Abschl\u00fcsse Assistent\/in Rechnungswesen, Sachbearbeiter\/in\u00a0Rechnungswesen Grundlagen und Sachbearbeiter\/in\u00a0Rechnungswesen Vertiefung Der\/die Studierende hat Anspruch auf maximal drei Pr\u00fcfungsversuche im Abstand von mindestens zwei Wochen. Die Pr\u00fcfungsgeb\u00fchren (mit Ausnahme des ersten Versuchs, der in den [&hellip;]","_links":{"self":[{"href":"https:\/\/betterstudy.ch\/de\/wp-json\/wp\/v2\/pages\/31156","targetHints":{"allow":["GET"]}}],"collection":[{"href":"https:\/\/betterstudy.ch\/de\/wp-json\/wp\/v2\/pages"}],"about":[{"href":"https:\/\/betterstudy.ch\/de\/wp-json\/wp\/v2\/types\/page"}],"author":[{"embeddable":true,"href":"https:\/\/betterstudy.ch\/de\/wp-json\/wp\/v2\/users\/338"}],"replies":[{"embeddable":true,"href":"https:\/\/betterstudy.ch\/de\/wp-json\/wp\/v2\/comments?post=31156"}],"version-history":[{"count":0,"href":"https:\/\/betterstudy.ch\/de\/wp-json\/wp\/v2\/pages\/31156\/revisions"}],"wp:attachment":[{"href":"https:\/\/betterstudy.ch\/de\/wp-json\/wp\/v2\/media?parent=31156"}],"wp:term":[{"taxonomy":"partenaire","embeddable":true,"href":"https:\/\/betterstudy.ch\/de\/wp-json\/wp\/v2\/partenaire?post=31156"}],"curies":[{"name":"wp","href":"https:\/\/api.w.org\/{rel}","templated":true}]}}